{"id":73790,"date":"2025-04-11T11:12:04","date_gmt":"2025-04-11T09:12:04","guid":{"rendered":"https:\/\/www.oska.com\/accessibility-statement-2\/"},"modified":"2025-06-04T13:14:26","modified_gmt":"2025-06-04T11:14:26","slug":"accessibility-statement","status":"publish","type":"page","link":"https:\/\/www.oska.com\/de\/accessibility-statement\/","title":{"rendered":"Erkl\u00e4rung zur Barrierefreiheit"},"content":{"rendered":"<div data-elementor-type=\"wp-page\" data-elementor-id=\"73790\" class=\"elementor elementor-73790\" data-elementor-post-type=\"page\">\n\t\t\t\t<div class=\"elementor-element elementor-element-3f163d2e e-flex e-con-boxed e-con e-parent\" data-id=\"3f163d2e\" data-element_type=\"container\" data-e-type=\"container\" data-settings=\"{&quot;jet_parallax_layout_list&quot;:[]}\">\n\t\t\t\t\t<div class=\"e-con-inner\">\n\t\t\t\t<div class=\"elementor-element elementor-element-e88f541 elementor-widget elementor-widget-heading\" data-id=\"e88f541\" data-element_type=\"widget\" data-e-type=\"widget\" data-widget_type=\"heading.default\">\n\t\t\t\t<div class=\"elementor-widget-container\">\n\t\t\t\t\t<h1 class=\"elementor-heading-title elementor-size-default\">Erkl\u00e4rung zur Barrierefreiheit<\/h1>\t\t\t\t<\/div>\n\t\t\t\t<\/div>\n\t\t\t\t<div class=\"elementor-element elementor-element-71b80ae elementor-widget elementor-widget-text-editor\" data-id=\"71b80ae\" data-element_type=\"widget\" data-e-type=\"widget\" data-widget_type=\"text-editor.default\">\n\t\t\t\t<div class=\"elementor-widget-container\">\n\t\t\t\t\t\t\t\t\t<p>\u00a0<\/p>\n\n<h6 class=\"wp-block-heading has-text-align-center\">Barrierefreiheitserkl\u00e4rung f\u00fcr https:\/\/www.oska.com<\/h6>\n\n<p><strong>OSKA Shop Deutschland GmbH<\/strong> setzt sich daf\u00fcr ein, digitale Barrierefreiheit f\u00fcr Menschen mit Behinderungen zu gew\u00e4hrleisten. Wir verbessern fortlaufend die Benutzerfreundlichkeit f\u00fcr alle und wenden die einschl\u00e4gigen Standards zur Barrierefreiheit an.<\/p>\n\n<h6 class=\"wp-block-heading\">Konformit\u00e4tsstatus<\/h6>\n\n<p>Die Web Content Accessibility Guidelines (WCAG) definieren Anforderungen f\u00fcr Designer und Entwickler, um die Barrierefreiheit f\u00fcr Menschen mit Behinderungen zu verbessern. Sie unterscheiden drei Konformit\u00e4tsstufen: Stufe A, Stufe AA und Stufe AAA.<\/p>\n\n<p class=\" translation-block\"><strong>Die OSKA Shop Deutschland GmbH<\/strong> unternimmt fortlaufend Anstrengungen, die Barrierefreiheit ihrer Website und Dienste zu verbessern \u2013 in dem Bewusstsein, dass es unsere gemeinsame moralische Verpflichtung ist, Menschen mit Behinderungen eine nahtlose, barrierefreie und uneingeschr\u00e4nkte Nutzung zu erm\u00f6glichen.<\/p>\n\n<p class=\" translation-block\">Wir sind bestrebt, alle Seiten und Inhalte auf <strong>https:\/\/www.oska.com<\/strong> barrierefrei zug\u00e4nglich zu machen. Einige Inhalte entsprechen jedoch m\u00f6glicherweise noch nicht vollst\u00e4ndig den h\u00f6chsten Standards der Barrierefreiheit. Dies kann daran liegen, dass die geeignetste technologische L\u00f6sung noch nicht identifiziert wurde.<\/p>\n\n<p>Wir behalten uns vor, diese Erkl\u00e4rung regelm\u00e4\u00dfig zu \u00fcberarbeiten, um Verbesserungen oder \u00c4nderungen unserer Barrierefreiheitsma\u00dfnahmen widerzuspiegeln.<\/p>\n\n<h6 class=\"wp-block-heading\">Feedback<\/h6>\n\n<p class=\" translation-block\">Wir freuen uns \u00fcber Ihr Feedback zur Barrierefreiheit der Website der <strong>OSKA Shop Deutschland GmbH<\/strong>. Bitte teilen Sie uns mit, wenn Sie auf unserer Website auf Barrieren sto\u00dfen:<\/p>\n\n<p>E-mail: <strong>info@oska.com<\/strong><\/p>\n\n<p>Wir bem\u00fchen uns, innerhalb von 3\u20135 Werktagen auf Ihr Feedback zu antworten.<\/p>\n\n<p>Diese Erkl\u00e4rung wurde am 11.04.2025 erstellt.<\/p>\n\t\t\t\t\t\t\t\t<\/div>\n\t\t\t\t<\/div>\n\t\t\t\t\t<\/div>\n\t\t\t\t<\/div>\n\t\t\t\t<\/div>","protected":false},"excerpt":{"rendered":"<p>Accessibility Statement for https:\/\/www.oska.com OSKA Shop Deutschland GmbH is committed to ensuring digital accessibility for people with disabilities. We are continually improving the user experience for everyone and applying the relevant accessibility standards. Conformance status The Web Content Accessibility Guidelines (WCAG) defines requirements for designers and developers to improve accessibility for people with disabilities. It [&hellip;]<\/p>\n","protected":false},"author":1,"featured_media":0,"parent":0,"menu_order":0,"comment_status":"closed","ping_status":"closed","template":"","meta":{"_seopress_robots_primary_cat":"","_seopress_titles_title":"","_seopress_titles_desc":"","_seopress_robots_index":"","footnotes":""},"class_list":["post-73790","page","type-page","status-publish"],"_links":{"self":[{"href":"https:\/\/www.oska.com\/de\/wp-json\/wp\/v2\/pages\/73790","targetHints":{"allow":["GET"]}}],"collection":[{"href":"https:\/\/www.oska.com\/de\/wp-json\/wp\/v2\/pages"}],"about":[{"href":"https:\/\/www.oska.com\/de\/wp-json\/wp\/v2\/types\/page"}],"author":[{"embeddable":true,"href":"https:\/\/www.oska.com\/de\/wp-json\/wp\/v2\/users\/1"}],"replies":[{"embeddable":true,"href":"https:\/\/www.oska.com\/de\/wp-json\/wp\/v2\/comments?post=73790"}],"version-history":[{"count":8,"href":"https:\/\/www.oska.com\/de\/wp-json\/wp\/v2\/pages\/73790\/revisions"}],"predecessor-version":[{"id":76699,"href":"https:\/\/www.oska.com\/de\/wp-json\/wp\/v2\/pages\/73790\/revisions\/76699"}],"wp:attachment":[{"href":"https:\/\/www.oska.com\/de\/wp-json\/wp\/v2\/media?parent=73790"}],"curies":[{"name":"wp","href":"https:\/\/api.w.org\/{rel}","templated":true}]}}